{"id":2,"date":"2023-08-27T09:11:22","date_gmt":"2023-08-27T07:11:22","guid":{"rendered":"http:\/\/gitedelaserre.fr\/?page_id=2"},"modified":"2023-10-31T22:01:51","modified_gmt":"2023-10-31T21:01:51","slug":"contact","status":"publish","type":"page","link":"https:\/\/gitedelaserre.fr\/index.php\/contact\/","title":{"rendered":"Contact"},"content":{"rendered":"\n<div class=\"wp-block-group is-layout-constrained wp-block-group-is-layout-constrained\">\n<div class=\"wp-block-group is-layout-constrained wp-block-group-is-layout-constrained\">\n<p class=\"has-text-align-center\">B\u00e9n\u00e9dicte TISSIER<\/p>\n\n\n\n<p class=\"has-text-align-center\">3 chemin de la Fontaine Vieille<\/p>\n\n\n\n<p class=\"has-text-align-center\">63450 LE CREST<\/p>\n\n\n\n<p class=\"has-text-align-center\">T\u00e9l : +33 7 66 33 21 20<\/p>\n\n\n\n<p class=\"has-text-align-center\">email : <a href=\"mailto:laserregite@outlook.fr\"><mark style=\"background-color:rgba(0, 0, 0, 0)\" class=\"has-inline-color has-foreground-color\">laserregite@outlook.fr<\/mark><\/a><\/p>\n\n\n\n<figure class=\"wp-block-image size-large\"><img loading=\"lazy\" decoding=\"async\" width=\"1024\" height=\"576\" src=\"https:\/\/gitedelaserre.fr\/wp-content\/uploads\/2023\/08\/495d5818-0e00-4dcc-a70c-c4a993b1728d.0-1024x576.jpg\" alt=\"\" class=\"wp-image-97\" srcset=\"https:\/\/gitedelaserre.fr\/wp-content\/uploads\/2023\/08\/495d5818-0e00-4dcc-a70c-c4a993b1728d.0-1024x576.jpg 1024w, https:\/\/gitedelaserre.fr\/wp-content\/uploads\/2023\/08\/495d5818-0e00-4dcc-a70c-c4a993b1728d.0-300x169.jpg 300w, https:\/\/gitedelaserre.fr\/wp-content\/uploads\/2023\/08\/495d5818-0e00-4dcc-a70c-c4a993b1728d.0-768x432.jpg 768w, https:\/\/gitedelaserre.fr\/wp-content\/uploads\/2023\/08\/495d5818-0e00-4dcc-a70c-c4a993b1728d.0-1536x864.jpg 1536w, https:\/\/gitedelaserre.fr\/wp-content\/uploads\/2023\/08\/495d5818-0e00-4dcc-a70c-c4a993b1728d.0.jpg 1920w\" sizes=\"auto, (max-width: 1024px) 100vw, 1024px\" \/><\/figure>\n<\/div>\n<\/div>\n","protected":false},"excerpt":{"rendered":"<p>B\u00e9n\u00e9dicte TISSIER 3 chemin de la Fontaine Vieille 63450 LE CREST T\u00e9l : +33 7 66 33 21 20 email : laserregite@outlook.fr<\/p>\n","protected":false},"author":1,"featured_media":0,"parent":0,"menu_order":0,"comment_status":"closed","ping_status":"closed","template":"","meta":{"footnotes":""},"class_list":["post-2","page","type-page","status-publish","hentry"],"_links":{"self":[{"href":"https:\/\/gitedelaserre.fr\/index.php\/wp-json\/wp\/v2\/pages\/2","targetHints":{"allow":["GET"]}}],"collection":[{"href":"https:\/\/gitedelaserre.fr\/index.php\/wp-json\/wp\/v2\/pages"}],"about":[{"href":"https:\/\/gitedelaserre.fr\/index.php\/wp-json\/wp\/v2\/types\/page"}],"author":[{"embeddable":true,"href":"https:\/\/gitedelaserre.fr\/index.php\/wp-json\/wp\/v2\/users\/1"}],"replies":[{"embeddable":true,"href":"https:\/\/gitedelaserre.fr\/index.php\/wp-json\/wp\/v2\/comments?post=2"}],"version-history":[{"count":12,"href":"https:\/\/gitedelaserre.fr\/index.php\/wp-json\/wp\/v2\/pages\/2\/revisions"}],"predecessor-version":[{"id":292,"href":"https:\/\/gitedelaserre.fr\/index.php\/wp-json\/wp\/v2\/pages\/2\/revisions\/292"}],"wp:attachment":[{"href":"https:\/\/gitedelaserre.fr\/index.php\/wp-json\/wp\/v2\/media?parent=2"}],"curies":[{"name":"wp","href":"https:\/\/api.w.org\/{rel}","templated":true}]}}