{"id":90,"date":"2023-10-26T08:47:06","date_gmt":"2023-10-26T06:47:06","guid":{"rendered":"https:\/\/gitedelaserre.fr\/?page_id=90"},"modified":"2023-10-31T22:23:16","modified_gmt":"2023-10-31T21:23:16","slug":"a-proximite","status":"publish","type":"page","link":"https:\/\/gitedelaserre.fr\/index.php\/a-proximite\/","title":{"rendered":"A proximit\u00e9"},"content":{"rendered":"\n<h3 class=\"wp-block-heading alignwide has-primary-color has-text-color has-large-font-size\" style=\"font-style:normal;font-weight:500;text-decoration:underline\"><strong>Pour les amoureux de la nature<\/strong><\/h3>\n\n\n\n<div class=\"wp-block-media-text alignwide has-media-on-the-right is-stacked-on-mobile is-style-default\" style=\"grid-template-columns:auto 36%\"><div class=\"wp-block-media-text__content\">\n<ul class=\"wp-block-list\">\n<li>Lacs : Aydat (15 minutes), Chambon, Gu\u00e9ry, Pavin (30 minutes)<\/li>\n<\/ul>\n\n\n\n<ul class=\"wp-block-list\">\n<li>Randonn\u00e9es : Massif du Sancy, Parc des Volcans d&rsquo;Auvergne (30 minutes), d\u00e9part de nombreuses randonn\u00e9es directement du village du Crest<\/li>\n<\/ul>\n<\/div><figure class=\"wp-block-media-text__media\"><img loading=\"lazy\" decoding=\"async\" width=\"275\" height=\"184\" src=\"https:\/\/gitedelaserre.fr\/wp-content\/uploads\/2023\/10\/image.png\" alt=\"\" class=\"wp-image-199 size-full\"\/><\/figure><\/div>\n\n\n\n<div style=\"height:22px\" aria-hidden=\"true\" class=\"wp-block-spacer\"><\/div>\n\n\n\n<h3 class=\"wp-block-heading alignwide has-primary-color has-text-color has-large-font-size\" style=\"font-style:normal;font-weight:500;text-decoration:underline\"><strong>Pour les passionn\u00e9s de patrimoine<\/strong><\/h3>\n\n\n\n<div class=\"wp-block-media-text alignwide is-stacked-on-mobile\" style=\"grid-template-columns:28% auto\"><figure class=\"wp-block-media-text__media\"><img loading=\"lazy\" decoding=\"async\" width=\"257\" height=\"193\" src=\"https:\/\/gitedelaserre.fr\/wp-content\/uploads\/2023\/10\/Chateau-de-murol.png\" alt=\"\" class=\"wp-image-232 size-full\"\/><\/figure><div class=\"wp-block-media-text__content\">\n<ul class=\"wp-block-list\">\n<li>Eglises de Saint-Nectaire et Orcival (30 minutes)<\/li>\n<\/ul>\n\n\n\n<ul class=\"wp-block-list\">\n<li>Ch\u00e2teau et \u00e9glise de Saint-Saturnin (5 minutes)<\/li>\n<\/ul>\n\n\n\n<ul class=\"wp-block-list\">\n<li>Abbaye de Randol (10 minutes)<\/li>\n<\/ul>\n\n\n\n<ul class=\"wp-block-list\">\n<li>Ch\u00e2teau de Murol (30 minutes)<\/li>\n<\/ul>\n<\/div><\/div>\n\n\n\n<div style=\"height:23px\" aria-hidden=\"true\" class=\"wp-block-spacer\"><\/div>\n\n\n\n<h3 class=\"wp-block-heading alignwide has-primary-color has-text-color has-large-font-size\" style=\"text-decoration:underline\"><strong>Pour les sportifs<\/strong><\/h3>\n\n\n\n<div class=\"wp-block-media-text alignwide has-media-on-the-right is-stacked-on-mobile is-vertically-aligned-center\" style=\"grid-template-columns:auto 32%\"><div class=\"wp-block-media-text__content\">\n<ul class=\"wp-block-list\">\n<li>Ski de descente \u00e0 Super Besse (45 minutes) et au Lioran (1h15),<\/li>\n<\/ul>\n\n\n\n<ul class=\"wp-block-list\">\n<li>Ski de fond : Pertuyzat, Le Madalet (45 minutes), La St\u00e8le (1h15)<\/li>\n<\/ul>\n\n\n\n<ul class=\"wp-block-list\">\n<li>Parcours aventure \u00e0 Aydat (15 minutes)<\/li>\n<\/ul>\n\n\n\n<ul class=\"wp-block-list\">\n<li>Voile sur le lac d&rsquo;Aydat (15 minutes)<\/li>\n<\/ul>\n\n\n\n<ul class=\"wp-block-list\">\n<li>Golf de l&rsquo;Auzon (5 minutes)<\/li>\n<\/ul>\n<\/div><figure class=\"wp-block-media-text__media\"><img loading=\"lazy\" decoding=\"async\" width=\"1024\" height=\"683\" src=\"https:\/\/gitedelaserre.fr\/wp-content\/uploads\/2023\/10\/Super-Besse-1024x683.jpg\" alt=\"\" class=\"wp-image-234 size-full\" srcset=\"https:\/\/gitedelaserre.fr\/wp-content\/uploads\/2023\/10\/Super-Besse-1024x683.jpg 1024w, https:\/\/gitedelaserre.fr\/wp-content\/uploads\/2023\/10\/Super-Besse-300x200.jpg 300w, https:\/\/gitedelaserre.fr\/wp-content\/uploads\/2023\/10\/Super-Besse-768x512.jpg 768w, https:\/\/gitedelaserre.fr\/wp-content\/uploads\/2023\/10\/Super-Besse-1536x1024.jpg 1536w, https:\/\/gitedelaserre.fr\/wp-content\/uploads\/2023\/10\/Super-Besse-2048x1365.jpg 2048w\" sizes=\"auto, (max-width: 1024px) 100vw, 1024px\" \/><\/figure><\/div>\n\n\n\n<div style=\"height:22px\" aria-hidden=\"true\" class=\"wp-block-spacer\"><\/div>\n\n\n\n<h3 class=\"wp-block-heading alignwide has-large-font-size\" style=\"text-decoration:underline\"><strong>Pour le farniente<\/strong><\/h3>\n\n\n\n<div class=\"wp-block-media-text alignwide is-stacked-on-mobile\" style=\"grid-template-columns:40% auto\"><figure class=\"wp-block-media-text__media\"><img loading=\"lazy\" decoding=\"async\" width=\"980\" height=\"600\" src=\"https:\/\/gitedelaserre.fr\/wp-content\/uploads\/2023\/10\/Royat-Tonic.jpg\" alt=\"\" class=\"wp-image-282 size-full\" srcset=\"https:\/\/gitedelaserre.fr\/wp-content\/uploads\/2023\/10\/Royat-Tonic.jpg 980w, https:\/\/gitedelaserre.fr\/wp-content\/uploads\/2023\/10\/Royat-Tonic-300x184.jpg 300w, https:\/\/gitedelaserre.fr\/wp-content\/uploads\/2023\/10\/Royat-Tonic-768x470.jpg 768w\" sizes=\"auto, (max-width: 980px) 100vw, 980px\" \/><\/figure><div class=\"wp-block-media-text__content\">\n<ul class=\"wp-block-list\">\n<li>Baignade au lac d&rsquo;Aydat et au lac Chambon<\/li>\n<\/ul>\n\n\n\n<ul class=\"wp-block-list\">\n<li>Piscine municipale \u00e0 Longues (15 minutes)<\/li>\n<\/ul>\n\n\n\n<ul class=\"wp-block-list\">\n<li>Cures thermales : Royat Tonic (20 minutes)<\/li>\n<\/ul>\n\n\n\n<ul class=\"wp-block-list\">\n<li>Garden Palace (cabaret spectacle) : Le Crest (5 minutes)<\/li>\n<\/ul>\n<\/div><\/div>\n\n\n\n<div style=\"height:22px\" aria-hidden=\"true\" class=\"wp-block-spacer\"><\/div>\n\n\n\n<h3 class=\"wp-block-heading alignwide has-primary-color has-text-color has-large-font-size\" style=\"text-decoration:underline\"><strong>Pour vos d\u00e9placements professionnels<\/strong><\/h3>\n\n\n\n<div class=\"wp-block-media-text alignwide has-media-on-the-right is-stacked-on-mobile\" style=\"grid-template-columns:auto 38%\"><div class=\"wp-block-media-text__content\">\n<ul class=\"wp-block-list\">\n<li>Z\u00e9nith et Grande Halle d&rsquo;Auvergne : 10 minutes<\/li>\n<\/ul>\n<\/div><figure class=\"wp-block-media-text__media\"><img loading=\"lazy\" decoding=\"async\" width=\"640\" height=\"425\" src=\"https:\/\/gitedelaserre.fr\/wp-content\/uploads\/2023\/10\/Grande-Halle.jpg\" alt=\"\" class=\"wp-image-285 size-full\" srcset=\"https:\/\/gitedelaserre.fr\/wp-content\/uploads\/2023\/10\/Grande-Halle.jpg 640w, https:\/\/gitedelaserre.fr\/wp-content\/uploads\/2023\/10\/Grande-Halle-300x199.jpg 300w\" sizes=\"auto, (max-width: 640px) 100vw, 640px\" \/><\/figure><\/div>\n\n\n\n<div style=\"height:22px\" aria-hidden=\"true\" class=\"wp-block-spacer\"><\/div>\n\n\n\n<h3 class=\"wp-block-heading alignwide has-primary-color has-text-color has-large-font-size\" style=\"text-decoration:underline\"><strong>A faire en famille<\/strong><\/h3>\n\n\n\n<div class=\"wp-block-media-text alignwide is-stacked-on-mobile\" style=\"grid-template-columns:33% auto\"><figure class=\"wp-block-media-text__media\"><img loading=\"lazy\" decoding=\"async\" width=\"425\" height=\"282\" src=\"https:\/\/gitedelaserre.fr\/wp-content\/uploads\/2023\/10\/Vulcania.jpg\" alt=\"\" class=\"wp-image-286 size-full\" srcset=\"https:\/\/gitedelaserre.fr\/wp-content\/uploads\/2023\/10\/Vulcania.jpg 425w, https:\/\/gitedelaserre.fr\/wp-content\/uploads\/2023\/10\/Vulcania-300x199.jpg 300w\" sizes=\"auto, (max-width: 425px) 100vw, 425px\" \/><\/figure><div class=\"wp-block-media-text__content\">\n<ul class=\"wp-block-list\">\n<li>Vulcania (35 minutes)<\/li>\n<\/ul>\n\n\n\n<ul class=\"wp-block-list\">\n<li>Aventure Michelin (25 minutes)<\/li>\n<\/ul>\n\n\n\n<ul class=\"wp-block-list\">\n<li>Volcan de Lemptegy (35 minutes)<\/li>\n<\/ul>\n\n\n\n<ul class=\"wp-block-list\">\n<li>Site du Puy de D\u00f4me (35 minutes)<\/li>\n<\/ul>\n\n\n\n<ul class=\"wp-block-list\">\n<li>Parc animalier d&rsquo;Ardes sur Couze (40 minutes)<\/li>\n<\/ul>\n<\/div><\/div>\n\n\n\n<div style=\"height:22px\" aria-hidden=\"true\" class=\"wp-block-spacer\"><\/div>\n\n\n\n<h3 class=\"wp-block-heading alignwide has-primary-color has-text-color has-large-font-size\" style=\"text-decoration:underline\"><strong>Pour les gourmands<\/strong><\/h3>\n\n\n\n<div class=\"wp-block-media-text alignwide has-media-on-the-right is-stacked-on-mobile\" style=\"grid-template-columns:auto 15%\"><div class=\"wp-block-media-text__content\">\n<ul class=\"wp-block-list\">\n<li>Fromagerie Jaubert aux Martres de Veyre (10 minutes). Vous y trouverez les meilleurs fromages auvergnats,<\/li>\n\n\n\n<li>La Tour de Pierre (300 m du g\u00eete). Vigneron au Crest, Pierre Deshors produit de tr\u00e8s bons vins locaux,<\/li>\n\n\n\n<li>Le Relais du Crest &#8211; Commerce de proximit\u00e9 et bar sur la place du village. Pizza du jeudi au samedi soir,<\/li>\n\n\n\n<li>Auberge de&nbsp;La Gargouille (terroir) \u00e0 Saint Amant Tallende (5 minutes),<\/li>\n\n\n\n<li>Restaurant les Briques Rouges (traditionnel) aux Martres de Veyre (5 minutes)<\/li>\n\n\n\n<li>Restaurant Le To\u00eet pour toi (gastronomique) \u00e0 Orcet (5 minutes),&nbsp;<\/li>\n\n\n\n<li>Pizza Casa Enrique, camion \u00e0 Pizza \u00e0 Orcet<\/li>\n<\/ul>\n<\/div><figure class=\"wp-block-media-text__media\"><img loading=\"lazy\" decoding=\"async\" width=\"167\" height=\"146\" src=\"https:\/\/gitedelaserre.fr\/wp-content\/uploads\/2023\/10\/La-tour-de-Pierre.png\" alt=\"\" class=\"wp-image-295 size-full\"\/><\/figure><\/div>\n","protected":false},"excerpt":{"rendered":"<p>Pour les amoureux de la nature Pour les passionn\u00e9s de patrimoine Pour les sportifs Pour le farniente Pour vos d\u00e9placements professionnels A faire en famille Pour les gourmands<\/p>\n","protected":false},"author":1,"featured_media":0,"parent":0,"menu_order":0,"comment_status":"closed","ping_status":"closed","template":"","meta":{"footnotes":""},"class_list":["post-90","page","type-page","status-publish","hentry"],"_links":{"self":[{"href":"https:\/\/gitedelaserre.fr\/index.php\/wp-json\/wp\/v2\/pages\/90","targetHints":{"allow":["GET"]}}],"collection":[{"href":"https:\/\/gitedelaserre.fr\/index.php\/wp-json\/wp\/v2\/pages"}],"about":[{"href":"https:\/\/gitedelaserre.fr\/index.php\/wp-json\/wp\/v2\/types\/page"}],"author":[{"embeddable":true,"href":"https:\/\/gitedelaserre.fr\/index.php\/wp-json\/wp\/v2\/users\/1"}],"replies":[{"embeddable":true,"href":"https:\/\/gitedelaserre.fr\/index.php\/wp-json\/wp\/v2\/comments?post=90"}],"version-history":[{"count":22,"href":"https:\/\/gitedelaserre.fr\/index.php\/wp-json\/wp\/v2\/pages\/90\/revisions"}],"predecessor-version":[{"id":298,"href":"https:\/\/gitedelaserre.fr\/index.php\/wp-json\/wp\/v2\/pages\/90\/revisions\/298"}],"wp:attachment":[{"href":"https:\/\/gitedelaserre.fr\/index.php\/wp-json\/wp\/v2\/media?parent=90"}],"curies":[{"name":"wp","href":"https:\/\/api.w.org\/{rel}","templated":true}]}}